{"id":7,"date":"2025-05-02T09:25:27","date_gmt":"2025-05-02T09:25:27","guid":{"rendered":"https:\/\/taction.pt\/?page_id=7"},"modified":"2025-06-24T14:17:08","modified_gmt":"2025-06-24T14:17:08","slug":"home","status":"publish","type":"page","link":"https:\/\/taction.pt\/","title":{"rendered":"Home"},"content":{"rendered":"\t\t<div data-elementor-type=\"wp-post\" data-elementor-id=\"7\" class=\"elementor elementor-7\" data-elementor-post-type=\"page\">\n\t\t\t\t<div class=\"elementor-element elementor-element-7e9b345 e-flex e-con-boxed e-con e-parent\" data-id=\"7e9b345\" data-element_type=\"container\">\n\t\t\t\t\t<div class=\"e-con-inner\">\n\t\t\t\t<div class=\"elementor-element elementor-element-5dff611 elementor-widget elementor-widget-off-canvas\" data-id=\"5dff611\" data-element_type=\"widget\" data-settings=\"{&quot;entrance_animation&quot;:&quot;slideInLeft&quot;,&quot;exit_animation&quot;:&quot;slideInLeft&quot;}\" data-widget_type=\"off-canvas.default\">\n\t\t\t\t<div class=\"elementor-widget-container\">\n\t\t\t\t\t\t\t<div id=\"off-canvas-5dff611\" class=\"e-off-canvas\" role=\"dialog\" aria-hidden=\"true\" aria-label=\"quem\" aria-modal=\"true\" inert=\"\" data-delay-child-handlers=\"true\">\n\t\t\t<div class=\"e-off-canvas__overlay\"><\/div>\n\t\t\t<div class=\"e-off-canvas__main\">\n\t\t\t\t<div class=\"e-off-canvas__content\">\n\t\t\t\t\t<div class=\"elementor-element elementor-element-8a13286 e-con-full e-flex e-con e-child\" data-id=\"8a13286\" data-element_type=\"container\">\n\t\t<div class=\"elementor-element elementor-element-5653db0 e-flex e-con-boxed e-con e-child\" data-id=\"5653db0\" data-element_type=\"container\">\n\t\t\t\t\t<div class=\"e-con-inner\">\n\t\t\t\t<div class=\"elementor-element elementor-element-1be6e38 elementor-view-framed elementor-shape-rounded elementor-widget elementor-widget-icon\" data-id=\"1be6e38\" data-element_type=\"widget\" data-widget_type=\"icon.default\">\n\t\t\t\t<div class=\"elementor-widget-container\">\n\t\t\t\t\t\t\t<div class=\"elementor-icon-wrapper\">\n\t\t\t<a class=\"elementor-icon\" href=\"#elementor-action%3Aaction%3Doff_canvas%3Aclose%26settings%3DeyJpZCI6IjVkZmY2MTEiLCJkaXNwbGF5TW9kZSI6ImNsb3NlIn0%3D\">\n\t\t\t<svg aria-hidden=\"true\" class=\"e-font-icon-svg e-fas-chevron-left\" viewBox=\"0 0 320 512\" xmlns=\"http:\/\/www.w3.org\/2000\/svg\"><path d=\"M34.52 239.03L228.87 44.69c9.37-9.37 24.57-9.37 33.94 0l22.67 22.67c9.36 9.36 9.37 24.52.04 33.9L131.49 256l154.02 154.75c9.34 9.38 9.32 24.54-.04 33.9l-22.67 22.67c-9.37 9.37-24.57 9.37-33.94 0L34.52 272.97c-9.37-9.37-9.37-24.57 0-33.94z\"><\/path><\/svg>\t\t\t<\/a>\n\t\t<\/div>\n\t\t\t\t\t\t<\/div>\n\t\t\t\t<\/div>\n\t\t\t\t\t<\/div>\n\t\t\t\t<\/div>\n\t\t<div class=\"elementor-element elementor-element-ee77914 e-con-full e-flex e-con e-child\" data-id=\"ee77914\" data-element_type=\"container\">\n\t\t\t\t<div class=\"elementor-element elementor-element-6640452 elementor-widget elementor-widget-heading\" data-id=\"6640452\" data-element_type=\"widget\" data-widget_type=\"heading.default\">\n\t\t\t\t<div class=\"elementor-widget-container\">\n\t\t\t\t\t<h2 class=\"elementor-heading-title elementor-size-default\"><span class=\"RobotoSlab s-800 c-Dourado\">quem somos?<\/span> acreditamos que mudar n\u00e3o \u00e9 um risco \u00e9 uma pr\u00e1tica.<\/h2>\t\t\t\t<\/div>\n\t\t\t\t<\/div>\n\t\t\t\t<\/div>\n\t\t<div class=\"elementor-element elementor-element-a15fc25 e-con-full e-flex e-con e-child\" data-id=\"a15fc25\" data-element_type=\"container\">\n\t\t\t\t<div class=\"elementor-element elementor-element-47c3370 elementor-widget elementor-widget-heading\" data-id=\"47c3370\" data-element_type=\"widget\" data-widget_type=\"heading.default\">\n\t\t\t\t<div class=\"elementor-widget-container\">\n\t\t\t\t\t<span class=\"elementor-heading-title elementor-size-default\">teste<\/span>\t\t\t\t<\/div>\n\t\t\t\t<\/div>\n\t\t\t\t<\/div>\n\t\t\t\t<\/div>\n\t\t\t\t\t\t<\/div>\n\t\t\t<\/div>\n\t\t<\/div>\n\t\t\t\t\t\t<\/div>\n\t\t\t\t<\/div>\n\t\t\t\t<div class=\"elementor-element elementor-element-7ff7ea8 elementor-widget elementor-widget-off-canvas\" data-id=\"7ff7ea8\" data-element_type=\"widget\" data-settings=\"{&quot;entrance_animation&quot;:&quot;slideInLeft&quot;,&quot;exit_animation&quot;:&quot;slideInLeft&quot;}\" data-widget_type=\"off-canvas.default\">\n\t\t\t\t<div class=\"elementor-widget-container\">\n\t\t\t\t\t\t\t<div id=\"off-canvas-7ff7ea8\" class=\"e-off-canvas\" role=\"dialog\" aria-hidden=\"true\" aria-label=\"qual\" aria-modal=\"true\" inert=\"\" data-delay-child-handlers=\"true\">\n\t\t\t<div class=\"e-off-canvas__overlay\"><\/div>\n\t\t\t<div class=\"e-off-canvas__main\">\n\t\t\t\t<div class=\"e-off-canvas__content\">\n\t\t\t\t\t<div class=\"elementor-element elementor-element-549fcf2 e-con-full e-flex e-con e-child\" data-id=\"549fcf2\" data-element_type=\"container\">\n\t\t<div class=\"elementor-element elementor-element-b128949 e-flex e-con-boxed e-con e-child\" data-id=\"b128949\" data-element_type=\"container\">\n\t\t\t\t\t<div class=\"e-con-inner\">\n\t\t\t\t<div class=\"elementor-element elementor-element-3ec61db elementor-view-framed elementor-shape-rounded elementor-widget elementor-widget-icon\" data-id=\"3ec61db\" data-element_type=\"widget\" data-widget_type=\"icon.default\">\n\t\t\t\t<div class=\"elementor-widget-container\">\n\t\t\t\t\t\t\t<div class=\"elementor-icon-wrapper\">\n\t\t\t<a class=\"elementor-icon\" href=\"#elementor-action%3Aaction%3Doff_canvas%3Aclose%26settings%3DeyJpZCI6IjdmZjdlYTgiLCJkaXNwbGF5TW9kZSI6ImNsb3NlIn0%3D\">\n\t\t\t<svg aria-hidden=\"true\" class=\"e-font-icon-svg e-fas-chevron-left\" viewBox=\"0 0 320 512\" xmlns=\"http:\/\/www.w3.org\/2000\/svg\"><path d=\"M34.52 239.03L228.87 44.69c9.37-9.37 24.57-9.37 33.94 0l22.67 22.67c9.36 9.36 9.37 24.52.04 33.9L131.49 256l154.02 154.75c9.34 9.38 9.32 24.54-.04 33.9l-22.67 22.67c-9.37 9.37-24.57 9.37-33.94 0L34.52 272.97c-9.37-9.37-9.37-24.57 0-33.94z\"><\/path><\/svg>\t\t\t<\/a>\n\t\t<\/div>\n\t\t\t\t\t\t<\/div>\n\t\t\t\t<\/div>\n\t\t\t\t\t<\/div>\n\t\t\t\t<\/div>\n\t\t<div class=\"elementor-element elementor-element-980ea22 e-con-full e-flex e-con e-child\" data-id=\"980ea22\" data-element_type=\"container\">\n\t\t\t\t<div class=\"elementor-element elementor-element-81ab964 elementor-widget elementor-widget-heading\" data-id=\"81ab964\" data-element_type=\"widget\" data-widget_type=\"heading.default\">\n\t\t\t\t<div class=\"elementor-widget-container\">\n\t\t\t\t\t<h2 class=\"elementor-heading-title elementor-size-default\"><span class=\"RobotoSlab s-800 c-Dourado\">qual o nosso valor?<\/span> o suficiente para nos escolherem mais do que uma vez.<\/h2>\t\t\t\t<\/div>\n\t\t\t\t<\/div>\n\t\t\t\t<\/div>\n\t\t<div class=\"elementor-element elementor-element-7bc6b8c e-con-full e-flex e-con e-child\" data-id=\"7bc6b8c\" data-element_type=\"container\">\n\t\t\t\t<div class=\"elementor-element elementor-element-8d6f96e elementor-widget elementor-widget-heading\" data-id=\"8d6f96e\" data-element_type=\"widget\" data-widget_type=\"heading.default\">\n\t\t\t\t<div class=\"elementor-widget-container\">\n\t\t\t\t\t<span class=\"elementor-heading-title elementor-size-default\">teste<\/span>\t\t\t\t<\/div>\n\t\t\t\t<\/div>\n\t\t\t\t<\/div>\n\t\t\t\t<\/div>\n\t\t\t\t\t\t<\/div>\n\t\t\t<\/div>\n\t\t<\/div>\n\t\t\t\t\t\t<\/div>\n\t\t\t\t<\/div>\n\t\t\t\t<div class=\"elementor-element elementor-element-88d9e0d elementor-widget elementor-widget-off-canvas\" data-id=\"88d9e0d\" data-element_type=\"widget\" data-settings=\"{&quot;entrance_animation&quot;:&quot;slideInLeft&quot;,&quot;exit_animation&quot;:&quot;slideInLeft&quot;}\" data-widget_type=\"off-canvas.default\">\n\t\t\t\t<div class=\"elementor-widget-container\">\n\t\t\t\t\t\t\t<div id=\"off-canvas-88d9e0d\" class=\"e-off-canvas\" role=\"dialog\" aria-hidden=\"true\" aria-label=\"quando\" aria-modal=\"true\" inert=\"\" data-delay-child-handlers=\"true\">\n\t\t\t<div class=\"e-off-canvas__overlay\"><\/div>\n\t\t\t<div class=\"e-off-canvas__main\">\n\t\t\t\t<div class=\"e-off-canvas__content\">\n\t\t\t\t\t<div class=\"elementor-element elementor-element-02c7578 e-con-full e-flex e-con e-child\" data-id=\"02c7578\" data-element_type=\"container\">\n\t\t<div class=\"elementor-element elementor-element-3c2e68f e-flex e-con-boxed e-con e-child\" data-id=\"3c2e68f\" data-element_type=\"container\">\n\t\t\t\t\t<div class=\"e-con-inner\">\n\t\t\t\t<div class=\"elementor-element elementor-element-afcb950 elementor-view-framed elementor-shape-rounded elementor-widget elementor-widget-icon\" data-id=\"afcb950\" data-element_type=\"widget\" data-widget_type=\"icon.default\">\n\t\t\t\t<div class=\"elementor-widget-container\">\n\t\t\t\t\t\t\t<div class=\"elementor-icon-wrapper\">\n\t\t\t<a class=\"elementor-icon\" href=\"#elementor-action%3Aaction%3Doff_canvas%3Aclose%26settings%3DeyJpZCI6Ijg4ZDllMGQiLCJkaXNwbGF5TW9kZSI6ImNsb3NlIn0%3D\">\n\t\t\t<svg aria-hidden=\"true\" class=\"e-font-icon-svg e-fas-chevron-left\" viewBox=\"0 0 320 512\" xmlns=\"http:\/\/www.w3.org\/2000\/svg\"><path d=\"M34.52 239.03L228.87 44.69c9.37-9.37 24.57-9.37 33.94 0l22.67 22.67c9.36 9.36 9.37 24.52.04 33.9L131.49 256l154.02 154.75c9.34 9.38 9.32 24.54-.04 33.9l-22.67 22.67c-9.37 9.37-24.57 9.37-33.94 0L34.52 272.97c-9.37-9.37-9.37-24.57 0-33.94z\"><\/path><\/svg>\t\t\t<\/a>\n\t\t<\/div>\n\t\t\t\t\t\t<\/div>\n\t\t\t\t<\/div>\n\t\t\t\t\t<\/div>\n\t\t\t\t<\/div>\n\t\t<div class=\"elementor-element elementor-element-2035b3d e-con-full e-flex e-con e-child\" data-id=\"2035b3d\" data-element_type=\"container\">\n\t\t\t\t<div class=\"elementor-element elementor-element-2aa83d4 elementor-widget elementor-widget-heading\" data-id=\"2aa83d4\" data-element_type=\"widget\" data-widget_type=\"heading.default\">\n\t\t\t\t<div class=\"elementor-widget-container\">\n\t\t\t\t\t<h2 class=\"elementor-heading-title elementor-size-default\"><span class=\"RobotoSlab s-800 c-Dourado\">quando quiser falar?<\/span> estamos por aqui sem pressas, sem filtros.<\/h2>\t\t\t\t<\/div>\n\t\t\t\t<\/div>\n\t\t\t\t<\/div>\n\t\t<div class=\"elementor-element elementor-element-951169e e-con-full e-flex e-con e-child\" data-id=\"951169e\" data-element_type=\"container\">\n\t\t\t\t<div class=\"elementor-element elementor-element-7134ae9 elementor-widget elementor-widget-heading\" data-id=\"7134ae9\" data-element_type=\"widget\" data-widget_type=\"heading.default\">\n\t\t\t\t<div class=\"elementor-widget-container\">\n\t\t\t\t\t<span class=\"elementor-heading-title elementor-size-default\">N\u00e3o precisa de ter tudo alinhado: basta dar o primeiro passo e falar connosco.<\/span>\t\t\t\t<\/div>\n\t\t\t\t<\/div>\n\t\t\t\t<div class=\"elementor-element elementor-element-a44800a elementor-button-align-stretch elementor-widget elementor-widget-form\" data-id=\"a44800a\" data-element_type=\"widget\" data-settings=\"{&quot;step_next_label&quot;:&quot;Next&quot;,&quot;step_previous_label&quot;:&quot;Previous&quot;,&quot;button_width&quot;:&quot;30&quot;,&quot;step_type&quot;:&quot;number_text&quot;,&quot;step_icon_shape&quot;:&quot;circle&quot;}\" data-widget_type=\"form.default\">\n\t\t\t\t<div class=\"elementor-widget-container\">\n\t\t\t\t\t\t\t<form class=\"elementor-form\" method=\"post\" name=\"New Form\">\n\t\t\t<input type=\"hidden\" name=\"post_id\" value=\"7\"\/>\n\t\t\t<input type=\"hidden\" name=\"form_id\" value=\"a44800a\"\/>\n\t\t\t<input type=\"hidden\" name=\"referer_title\" value=\"\" \/>\n\n\t\t\t\t\t\t\t<input type=\"hidden\" name=\"queried_id\" value=\"7\"\/>\n\t\t\t\n\t\t\t<div class=\"elementor-form-fields-wrapper elementor-labels-above\">\n\t\t\t\t\t\t\t\t<div class=\"elementor-field-type-text elementor-field-group elementor-column elementor-field-group-name elementor-col-100\">\n\t\t\t\t\t\t\t\t\t\t\t\t<label for=\"form-field-name\" class=\"elementor-field-label\">\n\t\t\t\t\t\t\t\tName\t\t\t\t\t\t\t<\/label>\n\t\t\t\t\t\t\t\t\t\t\t\t\t\t<input size=\"1\" type=\"text\" name=\"form_fields[name]\" id=\"form-field-name\" class=\"elementor-field elementor-size-sm  elementor-field-textual\" placeholder=\"Name\">\n\t\t\t\t\t\t\t\t\t\t\t<\/div>\n\t\t\t\t\t\t\t\t<div class=\"elementor-field-type-email elementor-field-group elementor-column elementor-field-group-email elementor-col-100 elementor-field-required\">\n\t\t\t\t\t\t\t\t\t\t\t\t<label for=\"form-field-email\" class=\"elementor-field-label\">\n\t\t\t\t\t\t\t\tEmail\t\t\t\t\t\t\t<\/label>\n\t\t\t\t\t\t\t\t\t\t\t\t\t\t<input size=\"1\" type=\"email\" name=\"form_fields[email]\" id=\"form-field-email\" class=\"elementor-field elementor-size-sm  elementor-field-textual\" placeholder=\"Email\" required=\"required\">\n\t\t\t\t\t\t\t\t\t\t\t<\/div>\n\t\t\t\t\t\t\t\t<div class=\"elementor-field-type-textarea elementor-field-group elementor-column elementor-field-group-message elementor-col-100\">\n\t\t\t\t\t\t\t\t\t\t\t\t<label for=\"form-field-message\" class=\"elementor-field-label\">\n\t\t\t\t\t\t\t\tMessage\t\t\t\t\t\t\t<\/label>\n\t\t\t\t\t\t<textarea class=\"elementor-field-textual elementor-field  elementor-size-sm\" name=\"form_fields[message]\" id=\"form-field-message\" rows=\"4\" placeholder=\"Message\"><\/textarea>\t\t\t\t<\/div>\n\t\t\t\t\t\t\t\t<div class=\"elementor-field-group elementor-column elementor-field-type-submit elementor-col-30 e-form__buttons\">\n\t\t\t\t\t<button class=\"elementor-button elementor-size-md\" type=\"submit\">\n\t\t\t\t\t\t<span class=\"elementor-button-content-wrapper\">\n\t\t\t\t\t\t\t\t\t\t\t\t\t\t\t\t\t\t\t\t\t\t<span class=\"elementor-button-text\">Dar o primeiro passo<\/span>\n\t\t\t\t\t\t\t\t\t\t\t\t\t<\/span>\n\t\t\t\t\t<\/button>\n\t\t\t\t<\/div>\n\t\t\t<\/div>\n\t\t<\/form>\n\t\t\t\t\t\t<\/div>\n\t\t\t\t<\/div>\n\t\t\t\t<\/div>\n\t\t\t\t<\/div>\n\t\t\t\t\t\t<\/div>\n\t\t\t<\/div>\n\t\t<\/div>\n\t\t\t\t\t\t<\/div>\n\t\t\t\t<\/div>\n\t\t<div class=\"elementor-element elementor-element-4e86639 e-con-full e-flex e-con e-child\" data-id=\"4e86639\" data-element_type=\"container\">\n\t\t\t\t<div class=\"elementor-element elementor-element-52cc83d elementor-widget elementor-widget-image\" data-id=\"52cc83d\" data-element_type=\"widget\" data-widget_type=\"image.default\">\n\t\t\t\t<div class=\"elementor-widget-container\">\n\t\t\t\t\t\t\t\t\t\t\t\t\t\t\t\t<a href=\"https:\/\/taction.pt\">\n\t\t\t\t\t\t\t<img fetchpriority=\"high\" decoding=\"async\" width=\"800\" height=\"800\" src=\"https:\/\/taction.pt\/wp-content\/uploads\/2025\/06\/Taction-Logo-W-1500px-1024x1024.png\" class=\"attachment-large size-large wp-image-37\" alt=\"\" srcset=\"https:\/\/taction.pt\/wp-content\/uploads\/2025\/06\/Taction-Logo-W-1500px-1024x1024.png 1024w, https:\/\/taction.pt\/wp-content\/uploads\/2025\/06\/Taction-Logo-W-1500px-300x300.png 300w, https:\/\/taction.pt\/wp-content\/uploads\/2025\/06\/Taction-Logo-W-1500px-150x150.png 150w, https:\/\/taction.pt\/wp-content\/uploads\/2025\/06\/Taction-Logo-W-1500px-768x768.png 768w, https:\/\/taction.pt\/wp-content\/uploads\/2025\/06\/Taction-Logo-W-1500px.png 1500w\" sizes=\"(max-width: 800px) 100vw, 800px\" \/>\t\t\t\t\t\t\t\t<\/a>\n\t\t\t\t\t\t\t\t\t\t\t\t\t\t\t<\/div>\n\t\t\t\t<\/div>\n\t\t\t\t<\/div>\n\t\t<div class=\"elementor-element elementor-element-53d0276 e-con-full e-flex e-con e-child\" data-id=\"53d0276\" data-element_type=\"container\">\n\t\t\t\t<div class=\"elementor-element elementor-element-d0accee elementor-widget elementor-widget-heading\" data-id=\"d0accee\" data-element_type=\"widget\" data-widget_type=\"heading.default\">\n\t\t\t\t<div class=\"elementor-widget-container\">\n\t\t\t\t\t<span class=\"elementor-heading-title elementor-size-default\"><a href=\"#elementor-action%3Aaction%3Doff_canvas%3Aopen%26settings%3DeyJpZCI6IjVkZmY2MTEiLCJkaXNwbGF5TW9kZSI6Im9wZW4ifQ%3D%3D\">quem<\/a><\/span>\t\t\t\t<\/div>\n\t\t\t\t<\/div>\n\t\t\t\t<div class=\"elementor-element elementor-element-6210c8b elementor-widget elementor-widget-heading\" data-id=\"6210c8b\" data-element_type=\"widget\" data-widget_type=\"heading.default\">\n\t\t\t\t<div class=\"elementor-widget-container\">\n\t\t\t\t\t<span class=\"elementor-heading-title elementor-size-default\"><a href=\"#elementor-action%3Aaction%3Doff_canvas%3Aopen%26settings%3DeyJpZCI6IjdmZjdlYTgiLCJkaXNwbGF5TW9kZSI6Im9wZW4ifQ%3D%3D\">qual<\/a><\/span>\t\t\t\t<\/div>\n\t\t\t\t<\/div>\n\t\t\t\t<div class=\"elementor-element elementor-element-835b1bd elementor-widget elementor-widget-heading\" data-id=\"835b1bd\" data-element_type=\"widget\" data-widget_type=\"heading.default\">\n\t\t\t\t<div class=\"elementor-widget-container\">\n\t\t\t\t\t<span class=\"elementor-heading-title elementor-size-default\"><a href=\"#elementor-action%3Aaction%3Doff_canvas%3Aopen%26settings%3DeyJpZCI6Ijg4ZDllMGQiLCJkaXNwbGF5TW9kZSI6Im9wZW4ifQ%3D%3D\">quando<\/a><\/span>\t\t\t\t<\/div>\n\t\t\t\t<\/div>\n\t\t\t\t<\/div>\n\t\t<div class=\"elementor-element elementor-element-904a3bc e-con-full e-flex e-con e-child\" data-id=\"904a3bc\" data-element_type=\"container\">\n\t\t\t\t<div class=\"elementor-element elementor-element-2e8b7e0 elementor-widget elementor-widget-heading\" data-id=\"2e8b7e0\" data-element_type=\"widget\" data-widget_type=\"heading.default\">\n\t\t\t\t<div class=\"elementor-widget-container\">\n\t\t\t\t\t<h2 class=\"elementor-heading-title elementor-size-default\"><span class=\"RobotoSlab s-800\">Ficamos por aqui<\/span> at\u00e9 querer mudar de novo<\/h2>\t\t\t\t<\/div>\n\t\t\t\t<\/div>\n\t\t\t\t<\/div>\n\t\t\t\t\t<\/div>\n\t\t\t\t<\/div>\n\t\t\t\t<\/div>\n\t\t","protected":false},"excerpt":{"rendered":"<p>quem somos? acreditamos que mudar n\u00e3o \u00e9 um risco \u00e9 uma pr\u00e1tica. teste quem somos? acreditamos que mudar n\u00e3o \u00e9 um risco \u00e9 uma pr\u00e1tica. teste qual o nosso valor? o suficiente para nos escolherem mais do que uma vez. teste qual o nosso valor? o suficiente para nos escolherem mais do que uma vez. [&hellip;]<\/p>\n","protected":false},"author":1,"featured_media":0,"parent":0,"menu_order":0,"comment_status":"closed","ping_status":"closed","template":"elementor_canvas","meta":{"footnotes":""},"class_list":["post-7","page","type-page","status-publish","hentry"],"_links":{"self":[{"href":"https:\/\/taction.pt\/index.php?rest_route=\/wp\/v2\/pages\/7","targetHints":{"allow":["GET"]}}],"collection":[{"href":"https:\/\/taction.pt\/index.php?rest_route=\/wp\/v2\/pages"}],"about":[{"href":"https:\/\/taction.pt\/index.php?rest_route=\/wp\/v2\/types\/page"}],"author":[{"embeddable":true,"href":"https:\/\/taction.pt\/index.php?rest_route=\/wp\/v2\/users\/1"}],"replies":[{"embeddable":true,"href":"https:\/\/taction.pt\/index.php?rest_route=%2Fwp%2Fv2%2Fcomments&post=7"}],"version-history":[{"count":368,"href":"https:\/\/taction.pt\/index.php?rest_route=\/wp\/v2\/pages\/7\/revisions"}],"predecessor-version":[{"id":412,"href":"https:\/\/taction.pt\/index.php?rest_route=\/wp\/v2\/pages\/7\/revisions\/412"}],"wp:attachment":[{"href":"https:\/\/taction.pt\/index.php?rest_route=%2Fwp%2Fv2%2Fmedia&parent=7"}],"curies":[{"name":"wp","href":"https:\/\/api.w.org\/{rel}","templated":true}]}}